{"id":9897,"date":"2024-09-13T11:48:46","date_gmt":"2024-09-13T11:48:46","guid":{"rendered":"https:\/\/printella.pl\/produkt\/percale-cotton-fabric-135-g-m2\/"},"modified":"2026-05-15T12:52:47","modified_gmt":"2026-05-15T12:52:47","slug":"percale-cotton-fabric-135-g-m2","status":"publish","type":"product","link":"https:\/\/printella.pl\/en\/produkt\/percale-cotton-fabric-135-g-m2\/","title":{"rendered":"Percale cotton fabric 135 g\/m2"},"content":{"rendered":"<p><span data-sheets-value=\"{\"1\":2,\"2\":\"Tkanina bawe\u0142niana z g\u0142adk\u0105 powierzchni\u0105 o splocie p\u0142\u00f3ciennym, wytrzyma\u0142a, charakteryzuj\u0105ca si\u0119 wysokimi walorami estetycznymi oraz u\u017cytkowymi. Materia\u0142 idealny na po\u015bciele, odzie\u017c, koszule, artyku\u0142y dekoracyjne do domu - na przyk\u0142ad lekkie zas\u0142ony.\"}\" data-sheets-userformat=\"{\"2\":897,\"3\":{\"1\":0},\"10\":1,\"11\":4,\"12\":0}\">Printed percale is most often used for children&#8217;s bedding. It is also used in sewing garments and accessories of high quality. Thanks to its linen weave, it is very durable, and its 100% cotton content guarantees excellent breathability.<br \/>\n<\/span><\/p>\n","protected":false},"excerpt":{"rendered":"<p>Printed percale is most often used for children&#8217;s bedding. It is also used in sewing garments and accessories of high quality. Thanks to its linen weave, it is very durable, and its 100% cotton content guarantees excellent breathability.<\/p>\n","protected":false},"featured_media":7588,"template":"","meta":[],"product_brand":[],"product_cat":[336,101],"product_tag":[328],"zastosowanie":[264,246,249,329,270,256],"class_list":{"0":"post-9897","1":"product","2":"type-product","3":"status-publish","4":"has-post-thumbnail","6":"product_cat-printing-on-cotton-fabrics","7":"product_cat-printing-on-natural-fabrics","8":"product_tag-cotton","9":"zastosowanie-baby-slings","10":"zastosowanie-bedding","11":"zastosowanie-curtains","12":"zastosowanie-images","13":"zastosowanie-interior-decorations","14":"zastosowanie-slings-en","16":"first","17":"instock","18":"taxable","19":"shipping-taxable","20":"purchasable","21":"product-type-simple"},"_links":{"self":[{"href":"https:\/\/printella.pl\/en\/wp-json\/wp\/v2\/product\/9897","targetHints":{"allow":["GET"]}}],"collection":[{"href":"https:\/\/printella.pl\/en\/wp-json\/wp\/v2\/product"}],"about":[{"href":"https:\/\/printella.pl\/en\/wp-json\/wp\/v2\/types\/product"}],"version-history":[{"count":0,"href":"https:\/\/printella.pl\/en\/wp-json\/wp\/v2\/product\/9897\/revisions"}],"wp:featuredmedia":[{"embeddable":true,"href":"https:\/\/printella.pl\/en\/wp-json\/wp\/v2\/media\/7588"}],"wp:attachment":[{"href":"https:\/\/printella.pl\/en\/wp-json\/wp\/v2\/media?parent=9897"}],"wp:term":[{"taxonomy":"product_brand","embeddable":true,"href":"https:\/\/printella.pl\/en\/wp-json\/wp\/v2\/product_brand?post=9897"},{"taxonomy":"product_cat","embeddable":true,"href":"https:\/\/printella.pl\/en\/wp-json\/wp\/v2\/product_cat?post=9897"},{"taxonomy":"product_tag","embeddable":true,"href":"https:\/\/printella.pl\/en\/wp-json\/wp\/v2\/product_tag?post=9897"},{"taxonomy":"zastosowanie","embeddable":true,"href":"https:\/\/printella.pl\/en\/wp-json\/wp\/v2\/zastosowanie?post=9897"}],"curies":[{"name":"wp","href":"https:\/\/api.w.org\/{rel}","templated":true}]}}