{"id":4979,"date":"2023-08-12T15:53:06","date_gmt":"2024-01-23T11:56:19","guid":{"rendered":"https:\/\/d3v.printella.pl\/produkt\/heavy-twill-denim-250-g-m2\/"},"modified":"2025-03-02T11:59:08","modified_gmt":"2025-03-02T11:59:08","slug":"heavy-twill-denim-250-g-m2","status":"publish","type":"product","link":"https:\/\/printella.pl\/en\/produkt\/heavy-twill-denim-250-g-m2\/","title":{"rendered":"Heavy Twill cotton fabric 250 g\/m2"},"content":{"rendered":"<p>          <span data-sheets-value=\"{\"1\":2,\"2\":\"Gruba, mi\u0119sista tkanina o uko\u015bnym splocie. Nie powoduje uczule\u0144 ani alergii, jest przyjemna dla sk\u00f3ry i zawsze \u0142adnie uk\u0142ada si\u0119 w gotowym wyrobie. Dzi\u0119ki swojej wysokiej gramaturze Heavy Twill idealnie nadaje si\u0119 plecaki, torby i artyku\u0142y dekoracyjne takie jak na przyk\u0142ad poduszki czy zas\u0142ony.\"}\" data-sheets-userformat=\"{\"2\":897,\"3\":{\"1\":0},\"10\":1,\"11\":4,\"12\":0}\">Fleshy cotton denim with a diagonal weave. Thanks to its high grammage, Heavy Twill is ideal for backpacks, bags and decorative items such as pillows or curtains, for example, as well as clothing: jackets, pants or skirts.<br \/>\n<\/span><\/p>\n","protected":false},"excerpt":{"rendered":"<p>Fleshy cotton denim with a diagonal weave. Thanks to its high grammage, Heavy Twill is ideal for backpacks, bags and decorative items such as pillows or curtains, for example, as well as clothing: jackets, pants or skirts.<\/p>\n","protected":false},"featured_media":7609,"template":"","meta":[],"product_brand":[],"product_cat":[336,101],"product_tag":[328],"zastosowanie":[245,271,331,249,330,268,329,270,241,240,252,247,251,261],"class_list":{"0":"post-4979","1":"product","2":"type-product","3":"status-publish","4":"has-post-thumbnail","6":"product_cat-printing-on-cotton-fabrics","7":"product_cat-printing-on-natural-fabrics","8":"product_tag-cotton","9":"zastosowanie-backpacks","10":"zastosowanie-bags","11":"zastosowanie-banners","12":"zastosowanie-curtains","13":"zastosowanie-flags","14":"zastosowanie-furniture-upholstery","15":"zastosowanie-images","16":"zastosowanie-interior-decorations","17":"zastosowanie-jackets","18":"zastosowanie-mariners","19":"zastosowanie-pants","20":"zastosowanie-pillow-covers","21":"zastosowanie-skirts","22":"zastosowanie-tablecloths-2","24":"first","25":"instock","26":"taxable","27":"shipping-taxable","28":"purchasable","29":"product-type-simple"},"_links":{"self":[{"href":"https:\/\/printella.pl\/en\/wp-json\/wp\/v2\/product\/4979","targetHints":{"allow":["GET"]}}],"collection":[{"href":"https:\/\/printella.pl\/en\/wp-json\/wp\/v2\/product"}],"about":[{"href":"https:\/\/printella.pl\/en\/wp-json\/wp\/v2\/types\/product"}],"version-history":[{"count":0,"href":"https:\/\/printella.pl\/en\/wp-json\/wp\/v2\/product\/4979\/revisions"}],"wp:featuredmedia":[{"embeddable":true,"href":"https:\/\/printella.pl\/en\/wp-json\/wp\/v2\/media\/7609"}],"wp:attachment":[{"href":"https:\/\/printella.pl\/en\/wp-json\/wp\/v2\/media?parent=4979"}],"wp:term":[{"taxonomy":"product_brand","embeddable":true,"href":"https:\/\/printella.pl\/en\/wp-json\/wp\/v2\/product_brand?post=4979"},{"taxonomy":"product_cat","embeddable":true,"href":"https:\/\/printella.pl\/en\/wp-json\/wp\/v2\/product_cat?post=4979"},{"taxonomy":"product_tag","embeddable":true,"href":"https:\/\/printella.pl\/en\/wp-json\/wp\/v2\/product_tag?post=4979"},{"taxonomy":"zastosowanie","embeddable":true,"href":"https:\/\/printella.pl\/en\/wp-json\/wp\/v2\/zastosowanie?post=4979"}],"curies":[{"name":"wp","href":"https:\/\/api.w.org\/{rel}","templated":true}]}}