{"id":2309,"date":"2024-03-05T13:01:01","date_gmt":"2022-01-18T10:20:22","guid":{"rendered":"https:\/\/d3v.printella.pl\/produkt\/cotton-satin-145-g-m2\/"},"modified":"2025-03-02T11:23:55","modified_gmt":"2025-03-02T11:23:55","slug":"satin-cotton-145g-m2","status":"publish","type":"product","link":"https:\/\/printella.pl\/en\/produkt\/satin-cotton-145g-m2\/","title":{"rendered":"Cotton satin 145 g\/m2"},"content":{"rendered":"<p>          <span data-sheets-value=\"{\"1\":2,\"2\":\"Najpowszechniejszy i najbardziej wszechstronny w u\u017cyciu materia\u0142 bawe\u0142niany. Satyna bawe\u0142niana to lekko po\u0142yskuj\u0105cy, elegancki materia\u0142 do szycia. Mi\u0119kka, przyjemna w dotyku i g\u0142adka. Satyna z nadrukiem jest doskona\u0142a na po\u015bciel, sp\u00f3dnice, sukienki, pi\u017cam\u0119, chustk\u0119, koszul\u0119 oraz elementy dekoracyjne do domu.\"}\" data-sheets-userformat=\"{\"2\":897,\"3\":{\"1\":0},\"10\":1,\"11\":4,\"12\":0}\">The most common and versatile cotton material to use. Cotton satin is a slightly shiny, elegant sewing material. Soft, pleasant to the touch and smooth. Satin with a print is perfect for bedding, skirts, dresses, pajamas, scarves, shirts and home decorations.<br \/>\n<\/span><\/p>\n","protected":false},"excerpt":{"rendered":"<p>The most common and versatile cotton material to use. Cotton satin is a slightly shiny, elegant sewing material. Soft, pleasant to the touch and smooth. Satin with a print is perfect for bedding, skirts, dresses, pajamas, scarves, shirts and home decorations.<\/p>\n","protected":false},"featured_media":7599,"template":"","meta":[],"product_brand":[],"product_cat":[336,101],"product_tag":[328],"zastosowanie":[264,246,270,242,269,256],"class_list":{"0":"post-2309","1":"product","2":"type-product","3":"status-publish","4":"has-post-thumbnail","6":"product_cat-printing-on-cotton-fabrics","7":"product_cat-printing-on-natural-fabrics","8":"product_tag-cotton","9":"zastosowanie-baby-slings","10":"zastosowanie-bedding","11":"zastosowanie-interior-decorations","12":"zastosowanie-pajamas","13":"zastosowanie-shirts","14":"zastosowanie-slings-en","16":"first","17":"instock","18":"taxable","19":"shipping-taxable","20":"purchasable","21":"product-type-simple"},"_links":{"self":[{"href":"https:\/\/printella.pl\/en\/wp-json\/wp\/v2\/product\/2309","targetHints":{"allow":["GET"]}}],"collection":[{"href":"https:\/\/printella.pl\/en\/wp-json\/wp\/v2\/product"}],"about":[{"href":"https:\/\/printella.pl\/en\/wp-json\/wp\/v2\/types\/product"}],"version-history":[{"count":0,"href":"https:\/\/printella.pl\/en\/wp-json\/wp\/v2\/product\/2309\/revisions"}],"wp:featuredmedia":[{"embeddable":true,"href":"https:\/\/printella.pl\/en\/wp-json\/wp\/v2\/media\/7599"}],"wp:attachment":[{"href":"https:\/\/printella.pl\/en\/wp-json\/wp\/v2\/media?parent=2309"}],"wp:term":[{"taxonomy":"product_brand","embeddable":true,"href":"https:\/\/printella.pl\/en\/wp-json\/wp\/v2\/product_brand?post=2309"},{"taxonomy":"product_cat","embeddable":true,"href":"https:\/\/printella.pl\/en\/wp-json\/wp\/v2\/product_cat?post=2309"},{"taxonomy":"product_tag","embeddable":true,"href":"https:\/\/printella.pl\/en\/wp-json\/wp\/v2\/product_tag?post=2309"},{"taxonomy":"zastosowanie","embeddable":true,"href":"https:\/\/printella.pl\/en\/wp-json\/wp\/v2\/zastosowanie?post=2309"}],"curies":[{"name":"wp","href":"https:\/\/api.w.org\/{rel}","templated":true}]}}