{"id":2293,"date":"2021-08-12T18:37:37","date_gmt":"2021-08-12T18:37:37","guid":{"rendered":"https:\/\/d3v.printella.pl\/produkt\/gray-linen-155-g-m2\/"},"modified":"2025-09-12T13:26:29","modified_gmt":"2025-09-12T13:26:29","slug":"linen-gray-155g-m2","status":"publish","type":"product","link":"https:\/\/printella.pl\/en\/produkt\/linen-gray-155g-m2\/","title":{"rendered":"Gray linen 155 g\/m2"},"content":{"rendered":"<p><span data-sheets-value=\"{\"1\":2,\"2\":\"Naturalny bardzo mocny i przewiewny len, dodatkowo zmi\u0119kczony i bielony, dzi\u0119ki czemu jest mi\u0142y w dotyku. Doskona\u0142y na po\u015bciele, koszule, sukienki i bluzki.\"}\" data-sheets-userformat=\"{\"2\":897,\"3\":{\"1\":0},\"10\":1,\"11\":4,\"12\":0}\">Linen is a natural, strong and airy fabric, additionally softened, which makes it pleasant to the touch. Printed linen is an excellent material for bed linen, shirts, dresses and blouses, as well as a printout of the decor for exhibitions &#8211; paintings, backgrounds, etc.<br \/>\n<\/span><\/p>\n","protected":false},"excerpt":{"rendered":"<p>Linen is a natural, strong and airy fabric, additionally softened, which makes it pleasant to the touch. Printed linen is an excellent material for bed linen, shirts, dresses and blouses, as well as a printout of the decor for exhibitions &#8211; paintings, backgrounds, etc.<\/p>\n","protected":false},"featured_media":7619,"template":"","meta":[],"product_brand":[],"product_cat":[337,101],"product_tag":[343],"zastosowanie":[249,257,266,270,250,252,247,267,261],"class_list":{"0":"post-2293","1":"product","2":"type-product","3":"status-publish","4":"has-post-thumbnail","6":"product_cat-print-on-linen","7":"product_cat-printing-on-natural-fabrics","8":"product_tag-linen","9":"zastosowanie-curtains","10":"zastosowanie-dresses","11":"zastosowanie-fabric-bags","12":"zastosowanie-interior-decorations","13":"zastosowanie-kitchen-towels","14":"zastosowanie-pants","15":"zastosowanie-pillow-covers","16":"zastosowanie-summer-clothes","17":"zastosowanie-tablecloths-2","19":"first","20":"instock","21":"taxable","22":"shipping-taxable","23":"purchasable","24":"product-type-simple"},"_links":{"self":[{"href":"https:\/\/printella.pl\/en\/wp-json\/wp\/v2\/product\/2293","targetHints":{"allow":["GET"]}}],"collection":[{"href":"https:\/\/printella.pl\/en\/wp-json\/wp\/v2\/product"}],"about":[{"href":"https:\/\/printella.pl\/en\/wp-json\/wp\/v2\/types\/product"}],"version-history":[{"count":1,"href":"https:\/\/printella.pl\/en\/wp-json\/wp\/v2\/product\/2293\/revisions"}],"predecessor-version":[{"id":9171,"href":"https:\/\/printella.pl\/en\/wp-json\/wp\/v2\/product\/2293\/revisions\/9171"}],"wp:featuredmedia":[{"embeddable":true,"href":"https:\/\/printella.pl\/en\/wp-json\/wp\/v2\/media\/7619"}],"wp:attachment":[{"href":"https:\/\/printella.pl\/en\/wp-json\/wp\/v2\/media?parent=2293"}],"wp:term":[{"taxonomy":"product_brand","embeddable":true,"href":"https:\/\/printella.pl\/en\/wp-json\/wp\/v2\/product_brand?post=2293"},{"taxonomy":"product_cat","embeddable":true,"href":"https:\/\/printella.pl\/en\/wp-json\/wp\/v2\/product_cat?post=2293"},{"taxonomy":"product_tag","embeddable":true,"href":"https:\/\/printella.pl\/en\/wp-json\/wp\/v2\/product_tag?post=2293"},{"taxonomy":"zastosowanie","embeddable":true,"href":"https:\/\/printella.pl\/en\/wp-json\/wp\/v2\/zastosowanie?post=2293"}],"curies":[{"name":"wp","href":"https:\/\/api.w.org\/{rel}","templated":true}]}}