{"id":2290,"date":"2024-03-05T13:12:27","date_gmt":"2022-01-18T10:20:17","guid":{"rendered":"https:\/\/d3v.printella.pl\/produkt\/cotton-fabric-noris-155-g-m2\/"},"modified":"2025-03-02T11:23:57","modified_gmt":"2025-03-02T11:23:57","slug":"fabric-cotton-noris-155g-m2","status":"publish","type":"product","link":"https:\/\/printella.pl\/en\/produkt\/fabric-cotton-noris-155g-m2\/","title":{"rendered":"Cotton fabric Noris 155 g\/m2"},"content":{"rendered":"<p>          <span data-sheets-value=\"{\"1\":2,\"2\":\"Tkanina bawe\u0142niana z g\u0142adk\u0105 powierzchni\u0105 o splocie p\u0142\u00f3ciennym, wytrzyma\u0142a, charakteryzuj\u0105ca si\u0119 wysokimi walorami estetycznymi oraz u\u017cytkowymi. Materia\u0142 idealny na po\u015bciele, odzie\u017c, koszule, artyku\u0142y dekoracyjne do domu - na przyk\u0142ad lekkie zas\u0142ony.\"}\" data-sheets-userformat=\"{\"2\":897,\"3\":{\"1\":0},\"10\":1,\"11\":4,\"12\":0}\">Cotton linen weave fabric with a smooth surface, durable, characterized by high aesthetic and functional qualities. Very versatile printed material perfect for bedding, clothing, shirts, children&#8217;s accessories, decorative items for the home.<br \/>\n<\/span><\/p>\n","protected":false},"excerpt":{"rendered":"<p>Cotton linen weave fabric with a smooth surface, durable, characterized by high aesthetic and functional qualities. Very versatile printed material perfect for bedding, clothing, shirts, children&#8217;s accessories, decorative items for the home.<\/p>\n","protected":false},"featured_media":7596,"template":"","meta":[],"product_brand":[],"product_cat":[336,101],"product_tag":[328],"zastosowanie":[271,246,270,250,269,256],"class_list":{"0":"post-2290","1":"product","2":"type-product","3":"status-publish","4":"has-post-thumbnail","6":"product_cat-printing-on-cotton-fabrics","7":"product_cat-printing-on-natural-fabrics","8":"product_tag-cotton","9":"zastosowanie-bags","10":"zastosowanie-bedding","11":"zastosowanie-interior-decorations","12":"zastosowanie-kitchen-towels","13":"zastosowanie-shirts","14":"zastosowanie-slings-en","16":"first","17":"instock","18":"taxable","19":"shipping-taxable","20":"purchasable","21":"product-type-simple"},"_links":{"self":[{"href":"https:\/\/printella.pl\/en\/wp-json\/wp\/v2\/product\/2290","targetHints":{"allow":["GET"]}}],"collection":[{"href":"https:\/\/printella.pl\/en\/wp-json\/wp\/v2\/product"}],"about":[{"href":"https:\/\/printella.pl\/en\/wp-json\/wp\/v2\/types\/product"}],"version-history":[{"count":0,"href":"https:\/\/printella.pl\/en\/wp-json\/wp\/v2\/product\/2290\/revisions"}],"wp:featuredmedia":[{"embeddable":true,"href":"https:\/\/printella.pl\/en\/wp-json\/wp\/v2\/media\/7596"}],"wp:attachment":[{"href":"https:\/\/printella.pl\/en\/wp-json\/wp\/v2\/media?parent=2290"}],"wp:term":[{"taxonomy":"product_brand","embeddable":true,"href":"https:\/\/printella.pl\/en\/wp-json\/wp\/v2\/product_brand?post=2290"},{"taxonomy":"product_cat","embeddable":true,"href":"https:\/\/printella.pl\/en\/wp-json\/wp\/v2\/product_cat?post=2290"},{"taxonomy":"product_tag","embeddable":true,"href":"https:\/\/printella.pl\/en\/wp-json\/wp\/v2\/product_tag?post=2290"},{"taxonomy":"zastosowanie","embeddable":true,"href":"https:\/\/printella.pl\/en\/wp-json\/wp\/v2\/zastosowanie?post=2290"}],"curies":[{"name":"wp","href":"https:\/\/api.w.org\/{rel}","templated":true}]}}