{"id":2287,"date":"2021-08-12T15:54:06","date_gmt":"2022-01-18T10:20:15","guid":{"rendered":"https:\/\/d3v.printella.pl\/produkt\/single-jersey-170-g-m2\/"},"modified":"2025-03-02T12:13:06","modified_gmt":"2025-03-02T12:13:06","slug":"knit-single-jersey-170g-m2","status":"publish","type":"product","link":"https:\/\/printella.pl\/en\/produkt\/knit-single-jersey-170g-m2\/","title":{"rendered":"Single jersey 170 g\/m2"},"content":{"rendered":"<p>          <span data-sheets-value=\"{\"1\":2,\"2\":\"Bardzo delikatny, cienki i przepuszczj\u0105cy powietrze materia\u0142 ze 100% bawe\u0142ny. Single Jersey z nadrukiem jest wy\u015bmienit\u0105 baz\u0105 na koszulki, ubranka dzieci\u0119ce, sukienki, bielizne lub ubrania na lato.\"}\" data-sheets-userformat=\"{\"2\":897,\"3\":{\"1\":0},\"10\":1,\"11\":4,\"12\":0}\">Soft, thin and air permeable 100% cotton material. This printed single jersey is an excellent base for T-shirts, baby clothes, dresses, underwear or summer clothes.<br \/>\n<\/span><\/p>\n","protected":false},"excerpt":{"rendered":"<p>Soft, thin and air permeable 100% cotton material. This printed single jersey is an excellent base for T-shirts, baby clothes, dresses, underwear or summer clothes.<\/p>\n","protected":false},"featured_media":7634,"template":"","meta":[],"product_brand":[],"product_cat":[99],"product_tag":[],"zastosowanie":[264,244,242,243,256,267,239,248],"class_list":{"0":"post-2287","1":"product","2":"type-product","3":"status-publish","4":"has-post-thumbnail","6":"product_cat-printing-on-knitted-fabrics","7":"zastosowanie-baby-slings","8":"zastosowanie-childrens-clothing","9":"zastosowanie-pajamas","10":"zastosowanie-sleepwear","11":"zastosowanie-slings-en","12":"zastosowanie-summer-clothes","13":"zastosowanie-t-shirts-and-blouses","14":"zastosowanie-underwear","16":"first","17":"instock","18":"taxable","19":"shipping-taxable","20":"purchasable","21":"product-type-simple"},"_links":{"self":[{"href":"https:\/\/printella.pl\/en\/wp-json\/wp\/v2\/product\/2287","targetHints":{"allow":["GET"]}}],"collection":[{"href":"https:\/\/printella.pl\/en\/wp-json\/wp\/v2\/product"}],"about":[{"href":"https:\/\/printella.pl\/en\/wp-json\/wp\/v2\/types\/product"}],"version-history":[{"count":0,"href":"https:\/\/printella.pl\/en\/wp-json\/wp\/v2\/product\/2287\/revisions"}],"wp:featuredmedia":[{"embeddable":true,"href":"https:\/\/printella.pl\/en\/wp-json\/wp\/v2\/media\/7634"}],"wp:attachment":[{"href":"https:\/\/printella.pl\/en\/wp-json\/wp\/v2\/media?parent=2287"}],"wp:term":[{"taxonomy":"product_brand","embeddable":true,"href":"https:\/\/printella.pl\/en\/wp-json\/wp\/v2\/product_brand?post=2287"},{"taxonomy":"product_cat","embeddable":true,"href":"https:\/\/printella.pl\/en\/wp-json\/wp\/v2\/product_cat?post=2287"},{"taxonomy":"product_tag","embeddable":true,"href":"https:\/\/printella.pl\/en\/wp-json\/wp\/v2\/product_tag?post=2287"},{"taxonomy":"zastosowanie","embeddable":true,"href":"https:\/\/printella.pl\/en\/wp-json\/wp\/v2\/zastosowanie?post=2287"}],"curies":[{"name":"wp","href":"https:\/\/api.w.org\/{rel}","templated":true}]}}