{"id":2286,"date":"2022-01-03T16:04:04","date_gmt":"2022-01-03T16:04:04","guid":{"rendered":"https:\/\/d3v.printella.pl\/produkt\/single-jersey-220-g-m2-premium\/"},"modified":"2025-09-12T13:23:46","modified_gmt":"2025-09-12T13:23:46","slug":"knitted-fabric-single-jersey-220g-m2","status":"publish","type":"product","link":"https:\/\/printella.pl\/en\/produkt\/knitted-fabric-single-jersey-220g-m2\/","title":{"rendered":"Single jersey 220 g\/m2 PREMIUM"},"content":{"rendered":"<p><span data-sheets-value=\"{\"1\":2,\"2\":\"Mi\u0142a w dotyku dzianina bawe\u0142niana z dodatkiem elastanu. Dzi\u0119ki domieszcze, ten single jersey jest rozci\u0105gliwy i zadrukowany nadaje si\u0119 idealnie na leginsy, sukienki, ubrania dzieci\u0119ce oraz ubrania sportowe.\"}\" data-sheets-userformat=\"{\"2\":897,\"3\":{\"1\":0},\"10\":1,\"11\":4,\"12\":0}\" data-sheets-note=\"Ca\u0142y akapit\">Nice-to-touch cotton fabric with elastane. Thanks to the admixture, this single jersey is stretchy and printed is ideal for leggings, dresses, children&#8217;s clothes and sportswear.<br \/>\n<\/span><\/p>\n","protected":false},"excerpt":{"rendered":"<p>Nice-to-touch cotton fabric with elastane. Thanks to the admixture, this single jersey is stretchy and printed is ideal for leggings, dresses, children&#8217;s clothes and sportswear.<\/p>\n","protected":false},"featured_media":7639,"template":"","meta":[],"product_brand":[],"product_cat":[99],"product_tag":[],"zastosowanie":[244,257,242,243,267,239,248],"class_list":{"0":"post-2286","1":"product","2":"type-product","3":"status-publish","4":"has-post-thumbnail","6":"product_cat-printing-on-knitted-fabrics","7":"zastosowanie-childrens-clothing","8":"zastosowanie-dresses","9":"zastosowanie-pajamas","10":"zastosowanie-sleepwear","11":"zastosowanie-summer-clothes","12":"zastosowanie-t-shirts-and-blouses","13":"zastosowanie-underwear","15":"first","16":"instock","17":"taxable","18":"shipping-taxable","19":"purchasable","20":"product-type-simple"},"_links":{"self":[{"href":"https:\/\/printella.pl\/en\/wp-json\/wp\/v2\/product\/2286","targetHints":{"allow":["GET"]}}],"collection":[{"href":"https:\/\/printella.pl\/en\/wp-json\/wp\/v2\/product"}],"about":[{"href":"https:\/\/printella.pl\/en\/wp-json\/wp\/v2\/types\/product"}],"version-history":[{"count":1,"href":"https:\/\/printella.pl\/en\/wp-json\/wp\/v2\/product\/2286\/revisions"}],"predecessor-version":[{"id":9145,"href":"https:\/\/printella.pl\/en\/wp-json\/wp\/v2\/product\/2286\/revisions\/9145"}],"wp:featuredmedia":[{"embeddable":true,"href":"https:\/\/printella.pl\/en\/wp-json\/wp\/v2\/media\/7639"}],"wp:attachment":[{"href":"https:\/\/printella.pl\/en\/wp-json\/wp\/v2\/media?parent=2286"}],"wp:term":[{"taxonomy":"product_brand","embeddable":true,"href":"https:\/\/printella.pl\/en\/wp-json\/wp\/v2\/product_brand?post=2286"},{"taxonomy":"product_cat","embeddable":true,"href":"https:\/\/printella.pl\/en\/wp-json\/wp\/v2\/product_cat?post=2286"},{"taxonomy":"product_tag","embeddable":true,"href":"https:\/\/printella.pl\/en\/wp-json\/wp\/v2\/product_tag?post=2286"},{"taxonomy":"zastosowanie","embeddable":true,"href":"https:\/\/printella.pl\/en\/wp-json\/wp\/v2\/zastosowanie?post=2286"}],"curies":[{"name":"wp","href":"https:\/\/api.w.org\/{rel}","templated":true}]}}