{"id":2285,"date":"2022-01-12T16:05:37","date_gmt":"2022-01-12T16:05:37","guid":{"rendered":"https:\/\/d3v.printella.pl\/produkt\/french-terry-looped-sweatshirt-250-g-m2-premium\/"},"modified":"2025-09-12T12:55:35","modified_gmt":"2025-09-12T12:55:35","slug":"french-terry-250g-m2-premium","status":"publish","type":"product","link":"https:\/\/printella.pl\/en\/produkt\/french-terry-250g-m2-premium\/","title":{"rendered":"French terry looped sweatshirt 250 g\/m2 PREMIUM"},"content":{"rendered":"<p><span data-sheets-value=\"{\"1\":2,\"2\":\"French terry to dzianina na wierzchu g\u0142adka, od spodu wyko\u0144czona p\u0119telk\u0105. Mi\u0119kka w dotyku oraz - dzi\u0119ki domieszce elastanu - bardzo elastyczna. Dres\u00f3wka p\u0119telka z nadrukiem nadaje sie na bluzy, koszulki, ubranka dzieci\u0119ce, szaliki, czapki, sukienki, sp\u00f3dniczki oraz na koce.\"}\" data-sheets-userformat=\"{\"2\":897,\"3\":{\"1\":0},\"10\":1,\"11\":4,\"12\":0}\">French terry is a smooth knit on the top, finished with a loop on the bottom. Soft to the touch and &#8211; thanks to the admixture of elastane &#8211; very flexible. Printed french terry is suitable for sweatshirts, children&#8217;s clothes, scarves, hats, dresses, skirts and blankets.<br \/>\n<\/span><\/p>\n","protected":false},"excerpt":{"rendered":"<p>French terry is a smooth knit on the top, finished with a loop on the bottom. Soft to the touch and &#8211; thanks to the admixture of elastane &#8211; very flexible. Printed french terry is suitable for sweatshirts, children&#8217;s clothes, scarves, hats, dresses, skirts and blankets.<\/p>\n","protected":false},"featured_media":7612,"template":"","meta":[],"product_brand":[],"product_cat":[99],"product_tag":[341],"zastosowanie":[254,244,257,242,253,258],"class_list":{"0":"post-2285","1":"product","2":"type-product","3":"status-publish","4":"has-post-thumbnail","6":"product_cat-printing-on-knitted-fabrics","7":"product_tag-knitwear","8":"zastosowanie-caps","9":"zastosowanie-childrens-clothing","10":"zastosowanie-dresses","11":"zastosowanie-pajamas","12":"zastosowanie-sweatpants","13":"zastosowanie-sweatshirts","15":"first","16":"instock","17":"taxable","18":"shipping-taxable","19":"purchasable","20":"product-type-simple"},"_links":{"self":[{"href":"https:\/\/printella.pl\/en\/wp-json\/wp\/v2\/product\/2285","targetHints":{"allow":["GET"]}}],"collection":[{"href":"https:\/\/printella.pl\/en\/wp-json\/wp\/v2\/product"}],"about":[{"href":"https:\/\/printella.pl\/en\/wp-json\/wp\/v2\/types\/product"}],"version-history":[{"count":1,"href":"https:\/\/printella.pl\/en\/wp-json\/wp\/v2\/product\/2285\/revisions"}],"predecessor-version":[{"id":9143,"href":"https:\/\/printella.pl\/en\/wp-json\/wp\/v2\/product\/2285\/revisions\/9143"}],"wp:featuredmedia":[{"embeddable":true,"href":"https:\/\/printella.pl\/en\/wp-json\/wp\/v2\/media\/7612"}],"wp:attachment":[{"href":"https:\/\/printella.pl\/en\/wp-json\/wp\/v2\/media?parent=2285"}],"wp:term":[{"taxonomy":"product_brand","embeddable":true,"href":"https:\/\/printella.pl\/en\/wp-json\/wp\/v2\/product_brand?post=2285"},{"taxonomy":"product_cat","embeddable":true,"href":"https:\/\/printella.pl\/en\/wp-json\/wp\/v2\/product_cat?post=2285"},{"taxonomy":"product_tag","embeddable":true,"href":"https:\/\/printella.pl\/en\/wp-json\/wp\/v2\/product_tag?post=2285"},{"taxonomy":"zastosowanie","embeddable":true,"href":"https:\/\/printella.pl\/en\/wp-json\/wp\/v2\/zastosowanie?post=2285"}],"curies":[{"name":"wp","href":"https:\/\/api.w.org\/{rel}","templated":true}]}}