{"id":2283,"date":"2021-08-12T16:08:14","date_gmt":"2022-01-18T10:20:11","guid":{"rendered":"https:\/\/d3v.printella.pl\/produkt\/new-york-eco-leather\/"},"modified":"2025-03-02T12:13:08","modified_gmt":"2025-03-02T12:13:08","slug":"ekoskora-new-york","status":"publish","type":"product","link":"https:\/\/printella.pl\/en\/produkt\/ekoskora-new-york\/","title":{"rendered":"New York synthetic leather"},"content":{"rendered":"<p><span data-sheets-value=\"{\"1\":2,\"2\":\"Eko sk\u00f3ra New York swoj\u0105 struktur\u0105 przypomina naturaln\u0105 sk\u00f3r\u0119. Drukowana ekosk\u00f3ra to popularny materia\u0142 na torebki lub artyku\u0142y dekoracyjne. Doskona\u0142e oddawanie barw umo\u017cliwia szeroki zakres zastosowa\u0144.\"}\" data-sheets-userformat=\"{\"2\":897,\"3\":{\"1\":0},\"10\":1,\"11\":4,\"12\":0}\">New York synthetic leather with its texture resembles natural leather, with a print is ideal for handbags or decorative items. Excellent color rendering enables a wide range of applications.<br \/>\n<\/span><\/p>\n","protected":false},"excerpt":{"rendered":"<p>New York synthetic leather with its texture resembles natural leather, with a print is ideal for handbags or decorative items. Excellent color rendering enables a wide range of applications.<\/p>\n","protected":false},"featured_media":7625,"template":"","meta":[],"product_brand":[],"product_cat":[105],"product_tag":[],"zastosowanie":[245,259,268,265,270,262],"class_list":{"0":"post-2283","1":"product","2":"type-product","3":"status-publish","4":"has-post-thumbnail","6":"product_cat-print-on-synthetic-leather","7":"zastosowanie-backpacks","8":"zastosowanie-cosmetics","9":"zastosowanie-furniture-upholstery","10":"zastosowanie-handbags","11":"zastosowanie-interior-decorations","12":"zastosowanie-wallets","14":"first","15":"instock","16":"taxable","17":"shipping-taxable","18":"purchasable","19":"product-type-simple"},"_links":{"self":[{"href":"https:\/\/printella.pl\/en\/wp-json\/wp\/v2\/product\/2283","targetHints":{"allow":["GET"]}}],"collection":[{"href":"https:\/\/printella.pl\/en\/wp-json\/wp\/v2\/product"}],"about":[{"href":"https:\/\/printella.pl\/en\/wp-json\/wp\/v2\/types\/product"}],"version-history":[{"count":0,"href":"https:\/\/printella.pl\/en\/wp-json\/wp\/v2\/product\/2283\/revisions"}],"wp:featuredmedia":[{"embeddable":true,"href":"https:\/\/printella.pl\/en\/wp-json\/wp\/v2\/media\/7625"}],"wp:attachment":[{"href":"https:\/\/printella.pl\/en\/wp-json\/wp\/v2\/media?parent=2283"}],"wp:term":[{"taxonomy":"product_brand","embeddable":true,"href":"https:\/\/printella.pl\/en\/wp-json\/wp\/v2\/product_brand?post=2283"},{"taxonomy":"product_cat","embeddable":true,"href":"https:\/\/printella.pl\/en\/wp-json\/wp\/v2\/product_cat?post=2283"},{"taxonomy":"product_tag","embeddable":true,"href":"https:\/\/printella.pl\/en\/wp-json\/wp\/v2\/product_tag?post=2283"},{"taxonomy":"zastosowanie","embeddable":true,"href":"https:\/\/printella.pl\/en\/wp-json\/wp\/v2\/zastosowanie?post=2283"}],"curies":[{"name":"wp","href":"https:\/\/api.w.org\/{rel}","templated":true}]}}