{"id":2281,"date":"2021-08-12T18:37:05","date_gmt":"2021-08-12T18:37:05","guid":{"rendered":"https:\/\/d3v.printella.pl\/produkt\/white-linen-155-g-m2\/"},"modified":"2025-09-12T13:28:25","modified_gmt":"2025-09-12T13:28:25","slug":"linen-white-155g-m2","status":"publish","type":"product","link":"https:\/\/printella.pl\/en\/produkt\/linen-white-155g-m2\/","title":{"rendered":"White linen 155 g\/m2"},"content":{"rendered":"<p><span data-sheets-value=\"{\"1\":2,\"2\":\"Naturalny bardzo mocny i przewiewny len, dodatkowo zmi\u0119kczony i bielony, dzi\u0119ki czemu jest mi\u0142y w dotyku. Doskona\u0142y na po\u015bciele, koszule, sukienki i bluzki.\"}\" data-sheets-userformat=\"{\"2\":897,\"3\":{\"1\":0},\"10\":1,\"11\":4,\"12\":0}\">Natural, very strong and airy linen, additionally softened and bleached, which makes it pleasant to the touch. Perfect for bedding, shirts, dresses and blouses.<br \/>\n<\/span><\/p>\n","protected":false},"excerpt":{"rendered":"<p>Natural, very strong and airy linen, additionally softened and bleached, which makes it pleasant to the touch. Perfect for bedding, shirts, dresses and blouses.<\/p>\n","protected":false},"featured_media":9173,"template":"","meta":[],"product_brand":[],"product_cat":[337,101],"product_tag":[343],"zastosowanie":[249,257,266,270,250,252,247,267,261],"class_list":{"0":"post-2281","1":"product","2":"type-product","3":"status-publish","4":"has-post-thumbnail","6":"product_cat-print-on-linen","7":"product_cat-printing-on-natural-fabrics","8":"product_tag-linen","9":"zastosowanie-curtains","10":"zastosowanie-dresses","11":"zastosowanie-fabric-bags","12":"zastosowanie-interior-decorations","13":"zastosowanie-kitchen-towels","14":"zastosowanie-pants","15":"zastosowanie-pillow-covers","16":"zastosowanie-summer-clothes","17":"zastosowanie-tablecloths-2","19":"first","20":"instock","21":"taxable","22":"shipping-taxable","23":"purchasable","24":"product-type-simple"},"_links":{"self":[{"href":"https:\/\/printella.pl\/en\/wp-json\/wp\/v2\/product\/2281","targetHints":{"allow":["GET"]}}],"collection":[{"href":"https:\/\/printella.pl\/en\/wp-json\/wp\/v2\/product"}],"about":[{"href":"https:\/\/printella.pl\/en\/wp-json\/wp\/v2\/types\/product"}],"version-history":[{"count":1,"href":"https:\/\/printella.pl\/en\/wp-json\/wp\/v2\/product\/2281\/revisions"}],"predecessor-version":[{"id":9174,"href":"https:\/\/printella.pl\/en\/wp-json\/wp\/v2\/product\/2281\/revisions\/9174"}],"wp:featuredmedia":[{"embeddable":true,"href":"https:\/\/printella.pl\/en\/wp-json\/wp\/v2\/media\/9173"}],"wp:attachment":[{"href":"https:\/\/printella.pl\/en\/wp-json\/wp\/v2\/media?parent=2281"}],"wp:term":[{"taxonomy":"product_brand","embeddable":true,"href":"https:\/\/printella.pl\/en\/wp-json\/wp\/v2\/product_brand?post=2281"},{"taxonomy":"product_cat","embeddable":true,"href":"https:\/\/printella.pl\/en\/wp-json\/wp\/v2\/product_cat?post=2281"},{"taxonomy":"product_tag","embeddable":true,"href":"https:\/\/printella.pl\/en\/wp-json\/wp\/v2\/product_tag?post=2281"},{"taxonomy":"zastosowanie","embeddable":true,"href":"https:\/\/printella.pl\/en\/wp-json\/wp\/v2\/zastosowanie?post=2281"}],"curies":[{"name":"wp","href":"https:\/\/api.w.org\/{rel}","templated":true}]}}