{"id":2179,"date":"2022-01-04T15:10:52","date_gmt":"2022-01-18T10:05:08","guid":{"rendered":"https:\/\/d3v.printella.pl\/produkt\/french-terry-looped-sweatshirt-300-g-m2-premium\/"},"modified":"2025-03-02T11:59:10","modified_gmt":"2025-03-02T11:59:10","slug":"sweatshirt-petelka-french-terry-300-g-m2-premium","status":"publish","type":"product","link":"https:\/\/printella.pl\/en\/produkt\/sweatshirt-petelka-french-terry-300-g-m2-premium\/","title":{"rendered":"French terry looped sweatshirt 300 g\/m2 PREMIUM"},"content":{"rendered":"<p>          <span data-sheets-value=\"{\"1\":2,\"2\":\"French terry to dzianina na wierzchu g\u0142adka, od spodu wyko\u0144czona p\u0119telk\u0105. Mi\u0119kka w dotyku oraz - dzi\u0119ki domieszce elastanu - bardzo elastyczna. Dres\u00f3wka p\u0119telka z nadrukiem nadaje sie na bluzy, koszulki, ubranka dzieci\u0119ce, szaliki, czapki, sukienki, sp\u00f3dniczki oraz na koce.\"}\" data-sheets-userformat=\"{\"2\":897,\"3\":{\"1\":0},\"10\":1,\"11\":4,\"12\":0}\">French terry is the thickest knit fabric in our offer, it is soft to the touch and &#8211; thanks to the admixture of elastane &#8211; very elastic. Loop knit printed sweatshirt of this weight is suitable for sweatshirts, warmer children&#8217;s clothes, scarves, hats, dresses, skirts and blankets.<br \/>\n<\/span><\/p>\n","protected":false},"excerpt":{"rendered":"<p>French terry is the thickest knit fabric in our offer, it is soft to the touch and &#8211; thanks to the admixture of elastane &#8211; very elastic. Loop knit printed sweatshirt of this weight is suitable for sweatshirts, warmer children&#8217;s clothes, scarves, hats, dresses, skirts and blankets.<\/p>\n","protected":false},"featured_media":7614,"template":"","meta":[],"product_brand":[],"product_cat":[99],"product_tag":[341],"zastosowanie":[254,244,257,253,258],"class_list":{"0":"post-2179","1":"product","2":"type-product","3":"status-publish","4":"has-post-thumbnail","6":"product_cat-printing-on-knitted-fabrics","7":"product_tag-knitwear","8":"zastosowanie-caps","9":"zastosowanie-childrens-clothing","10":"zastosowanie-dresses","11":"zastosowanie-sweatpants","12":"zastosowanie-sweatshirts","14":"first","15":"instock","16":"taxable","17":"shipping-taxable","18":"purchasable","19":"product-type-simple"},"_links":{"self":[{"href":"https:\/\/printella.pl\/en\/wp-json\/wp\/v2\/product\/2179","targetHints":{"allow":["GET"]}}],"collection":[{"href":"https:\/\/printella.pl\/en\/wp-json\/wp\/v2\/product"}],"about":[{"href":"https:\/\/printella.pl\/en\/wp-json\/wp\/v2\/types\/product"}],"version-history":[{"count":0,"href":"https:\/\/printella.pl\/en\/wp-json\/wp\/v2\/product\/2179\/revisions"}],"wp:featuredmedia":[{"embeddable":true,"href":"https:\/\/printella.pl\/en\/wp-json\/wp\/v2\/media\/7614"}],"wp:attachment":[{"href":"https:\/\/printella.pl\/en\/wp-json\/wp\/v2\/media?parent=2179"}],"wp:term":[{"taxonomy":"product_brand","embeddable":true,"href":"https:\/\/printella.pl\/en\/wp-json\/wp\/v2\/product_brand?post=2179"},{"taxonomy":"product_cat","embeddable":true,"href":"https:\/\/printella.pl\/en\/wp-json\/wp\/v2\/product_cat?post=2179"},{"taxonomy":"product_tag","embeddable":true,"href":"https:\/\/printella.pl\/en\/wp-json\/wp\/v2\/product_tag?post=2179"},{"taxonomy":"zastosowanie","embeddable":true,"href":"https:\/\/printella.pl\/en\/wp-json\/wp\/v2\/zastosowanie?post=2179"}],"curies":[{"name":"wp","href":"https:\/\/api.w.org\/{rel}","templated":true}]}}