{"id":7383,"date":"2024-09-13T11:48:46","date_gmt":"2024-09-13T11:48:46","guid":{"rendered":"https:\/\/printella.pl\/?post_type=product&#038;p=7383"},"modified":"2025-09-12T12:56:37","modified_gmt":"2025-09-12T12:56:37","slug":"noris-baumwollstoff-155-g-m2-100-baumwolle-kopia","status":"publish","type":"product","link":"https:\/\/printella.pl\/de\/produkt\/noris-baumwollstoff-155-g-m2-100-baumwolle-kopia\/","title":{"rendered":"Perkal-Baumwollstoff 135 g\/m2"},"content":{"rendered":"<p><span data-sheets-value=\"{\"1\":2,\"2\":\"Tkanina bawe\u0142niana z g\u0142adk\u0105 powierzchni\u0105 o splocie p\u0142\u00f3ciennym, wytrzyma\u0142a, charakteryzuj\u0105ca si\u0119 wysokimi walorami estetycznymi oraz u\u017cytkowymi. Materia\u0142 idealny na po\u015bciele, odzie\u017c, koszule, artyku\u0142y dekoracyjne do domu - na przyk\u0142ad lekkie zas\u0142ony.\"}\" data-sheets-userformat=\"{\"2\":897,\"3\":{\"1\":0},\"10\":1,\"11\":4,\"12\":0}\">Bedruckter Perkal wird am h\u00e4ufigsten f\u00fcr Kinderbettw\u00e4sche verwendet. Es wird auch beim N\u00e4hen von hochwertigen Kleidungsst\u00fccken und Accessoires verwendet. Dank der Leinenbindung ist es sehr strapazierf\u00e4hig und der 100%ige Baumwollanteil garantiert eine hervorragende Atmungsaktivit\u00e4t.<br \/>\n<\/span><\/p>\n","protected":false},"excerpt":{"rendered":"<p>Bedruckter Perkal wird am h\u00e4ufigsten f\u00fcr Kinderbettw\u00e4sche verwendet. Es wird auch beim N\u00e4hen von hochwertigen Kleidungsst\u00fccken und Accessoires verwendet. Dank der Leinenbindung ist es sehr strapazierf\u00e4hig und der 100%ige Baumwollanteil garantiert eine hervorragende Atmungsaktivit\u00e4t.<\/p>\n","protected":false},"featured_media":7589,"template":"","meta":[],"product_brand":[],"product_cat":[103,335],"product_tag":[324],"zastosowanie":[298,280,325,310,291,283],"class_list":{"0":"post-7383","1":"product","2":"type-product","3":"status-publish","4":"has-post-thumbnail","6":"product_cat-bedrucken-von-stoffen","7":"product_cat-druck-auf-baumwolltoff","8":"product_tag-baumwolle","9":"zastosowanie-babytragetucher","10":"zastosowanie-bettzeug","11":"zastosowanie-bilder","12":"zastosowanie-inneneinrichtung-de","13":"zastosowanie-schals","14":"zastosowanie-vorhange","16":"first","17":"instock","18":"taxable","19":"shipping-taxable","20":"purchasable","21":"product-type-simple"},"_links":{"self":[{"href":"https:\/\/printella.pl\/de\/wp-json\/wp\/v2\/product\/7383","targetHints":{"allow":["GET"]}}],"collection":[{"href":"https:\/\/printella.pl\/de\/wp-json\/wp\/v2\/product"}],"about":[{"href":"https:\/\/printella.pl\/de\/wp-json\/wp\/v2\/types\/product"}],"version-history":[{"count":1,"href":"https:\/\/printella.pl\/de\/wp-json\/wp\/v2\/product\/7383\/revisions"}],"predecessor-version":[{"id":9144,"href":"https:\/\/printella.pl\/de\/wp-json\/wp\/v2\/product\/7383\/revisions\/9144"}],"wp:featuredmedia":[{"embeddable":true,"href":"https:\/\/printella.pl\/de\/wp-json\/wp\/v2\/media\/7589"}],"wp:attachment":[{"href":"https:\/\/printella.pl\/de\/wp-json\/wp\/v2\/media?parent=7383"}],"wp:term":[{"taxonomy":"product_brand","embeddable":true,"href":"https:\/\/printella.pl\/de\/wp-json\/wp\/v2\/product_brand?post=7383"},{"taxonomy":"product_cat","embeddable":true,"href":"https:\/\/printella.pl\/de\/wp-json\/wp\/v2\/product_cat?post=7383"},{"taxonomy":"product_tag","embeddable":true,"href":"https:\/\/printella.pl\/de\/wp-json\/wp\/v2\/product_tag?post=7383"},{"taxonomy":"zastosowanie","embeddable":true,"href":"https:\/\/printella.pl\/de\/wp-json\/wp\/v2\/zastosowanie?post=7383"}],"curies":[{"name":"wp","href":"https:\/\/api.w.org\/{rel}","templated":true}]}}