{"id":6239,"date":"2024-06-20T11:24:41","date_gmt":"2024-06-20T11:24:41","guid":{"rendered":"https:\/\/printella.pl\/?post_type=product&#038;p=6239"},"modified":"2025-09-12T12:53:47","modified_gmt":"2025-09-12T12:53:47","slug":"stoff-baumwolle-musselin-doppel-gaze-120-g-m2","status":"publish","type":"product","link":"https:\/\/printella.pl\/de\/produkt\/stoff-baumwolle-musselin-doppel-gaze-120-g-m2\/","title":{"rendered":"Baumwoll-Musselin-Stoff Double Gaze 120 g\/m2"},"content":{"rendered":"<p>Doppelter Gaze-Musselin 120 g\/m\u00b2 ist ein leichter, luftiger Stoff, der sich ideal zum N\u00e4hen von Babykleidung, Bettw\u00e4sche, Traget\u00fcchern, Vorh\u00e4ngen und Heimdekoration eignet. Sie ist sehr sanft, weich und versorgt den K\u00f6rper mit Atem. <\/p>\n","protected":false},"excerpt":{"rendered":"<p>Doppelter Gaze-Musselin 120 g\/m\u00b2 ist ein leichter, luftiger Stoff, der sich ideal zum N\u00e4hen von Babykleidung, Bettw\u00e4sche, Traget\u00fcchern, Vorh\u00e4ngen und Heimdekoration eignet. Sie ist sehr sanft, weich und versorgt den K\u00f6rper mit Atem.<\/p>\n","protected":false},"featured_media":7592,"template":"","meta":[],"product_brand":[],"product_cat":[103,335],"product_tag":[324],"zastosowanie":[298,280,310,290,277,275,291,305],"class_list":{"0":"post-6239","1":"product","2":"type-product","3":"status-publish","4":"has-post-thumbnail","6":"product_cat-bedrucken-von-stoffen","7":"product_cat-druck-auf-baumwolltoff","8":"product_tag-baumwolle","9":"zastosowanie-babytragetucher","10":"zastosowanie-bettzeug","11":"zastosowanie-inneneinrichtung-de","12":"zastosowanie-kappen-de","13":"zastosowanie-kinderkleidung","14":"zastosowanie-pyjamas","15":"zastosowanie-schals","16":"zastosowanie-sommerkleidung-de","18":"first","19":"instock","20":"taxable","21":"shipping-taxable","22":"purchasable","23":"product-type-simple"},"_links":{"self":[{"href":"https:\/\/printella.pl\/de\/wp-json\/wp\/v2\/product\/6239","targetHints":{"allow":["GET"]}}],"collection":[{"href":"https:\/\/printella.pl\/de\/wp-json\/wp\/v2\/product"}],"about":[{"href":"https:\/\/printella.pl\/de\/wp-json\/wp\/v2\/types\/product"}],"version-history":[{"count":1,"href":"https:\/\/printella.pl\/de\/wp-json\/wp\/v2\/product\/6239\/revisions"}],"predecessor-version":[{"id":9142,"href":"https:\/\/printella.pl\/de\/wp-json\/wp\/v2\/product\/6239\/revisions\/9142"}],"wp:featuredmedia":[{"embeddable":true,"href":"https:\/\/printella.pl\/de\/wp-json\/wp\/v2\/media\/7592"}],"wp:attachment":[{"href":"https:\/\/printella.pl\/de\/wp-json\/wp\/v2\/media?parent=6239"}],"wp:term":[{"taxonomy":"product_brand","embeddable":true,"href":"https:\/\/printella.pl\/de\/wp-json\/wp\/v2\/product_brand?post=6239"},{"taxonomy":"product_cat","embeddable":true,"href":"https:\/\/printella.pl\/de\/wp-json\/wp\/v2\/product_cat?post=6239"},{"taxonomy":"product_tag","embeddable":true,"href":"https:\/\/printella.pl\/de\/wp-json\/wp\/v2\/product_tag?post=6239"},{"taxonomy":"zastosowanie","embeddable":true,"href":"https:\/\/printella.pl\/de\/wp-json\/wp\/v2\/zastosowanie?post=6239"}],"curies":[{"name":"wp","href":"https:\/\/api.w.org\/{rel}","templated":true}]}}