{"id":2310,"date":"2021-08-12T15:54:06","date_gmt":"2022-01-18T10:20:22","guid":{"rendered":"https:\/\/d3v.printella.pl\/produkt\/single-jersey-170-g-m2\/"},"modified":"2025-03-02T12:13:05","modified_gmt":"2025-03-02T12:13:05","slug":"strickstoff-single-jersey-170g-m2","status":"publish","type":"product","link":"https:\/\/printella.pl\/de\/produkt\/strickstoff-single-jersey-170g-m2\/","title":{"rendered":"Strickstoff Single-Jersey 170g\/m2"},"content":{"rendered":"<p>          <span data-sheets-value=\"{\"1\":2,\"2\":\"Bardzo delikatny, cienki i przepuszczj\u0105cy powietrze materia\u0142 ze 100% bawe\u0142ny. Single Jersey z nadrukiem jest wy\u015bmienit\u0105 baz\u0105 na koszulki, ubranka dzieci\u0119ce, sukienki, bielizne lub ubrania na lato.\"}\" data-sheets-userformat=\"{\"2\":897,\"3\":{\"1\":0},\"10\":1,\"11\":4,\"12\":0}\">Weicher, d\u00fcnner und luftdurchl\u00e4ssiger Stoff aus 100% Baumwolle. Dieser bedruckte Single-Jersey ist die perfekte Grundlage f\u00fcr T-Shirts, Babykleidung, Kleider, Unterw\u00e4sche oder Sommerkleidung.<br \/>\n<\/span><\/p>\n","protected":false},"excerpt":{"rendered":"<p>Weicher, d\u00fcnner und luftdurchl\u00e4ssiger Stoff aus 100% Baumwolle. Dieser bedruckte Single-Jersey ist die perfekte Grundlage f\u00fcr T-Shirts, Babykleidung, Kleider, Unterw\u00e4sche oder Sommerkleidung.<\/p>\n","protected":false},"featured_media":7634,"template":"","meta":[],"product_brand":[],"product_cat":[100],"product_tag":[],"zastosowanie":[298,277,276,275,291,305,272,282],"class_list":{"0":"post-2310","1":"product","2":"type-product","3":"status-publish","4":"has-post-thumbnail","6":"product_cat-bedrucken-von-strickwaren","7":"zastosowanie-babytragetucher","8":"zastosowanie-kinderkleidung","9":"zastosowanie-nachtwasche","10":"zastosowanie-pyjamas","11":"zastosowanie-schals","12":"zastosowanie-sommerkleidung-de","13":"zastosowanie-t-shirts-und-blusen","14":"zastosowanie-unterwasche","16":"first","17":"instock","18":"taxable","19":"shipping-taxable","20":"purchasable","21":"product-type-simple"},"_links":{"self":[{"href":"https:\/\/printella.pl\/de\/wp-json\/wp\/v2\/product\/2310","targetHints":{"allow":["GET"]}}],"collection":[{"href":"https:\/\/printella.pl\/de\/wp-json\/wp\/v2\/product"}],"about":[{"href":"https:\/\/printella.pl\/de\/wp-json\/wp\/v2\/types\/product"}],"version-history":[{"count":0,"href":"https:\/\/printella.pl\/de\/wp-json\/wp\/v2\/product\/2310\/revisions"}],"wp:featuredmedia":[{"embeddable":true,"href":"https:\/\/printella.pl\/de\/wp-json\/wp\/v2\/media\/7634"}],"wp:attachment":[{"href":"https:\/\/printella.pl\/de\/wp-json\/wp\/v2\/media?parent=2310"}],"wp:term":[{"taxonomy":"product_brand","embeddable":true,"href":"https:\/\/printella.pl\/de\/wp-json\/wp\/v2\/product_brand?post=2310"},{"taxonomy":"product_cat","embeddable":true,"href":"https:\/\/printella.pl\/de\/wp-json\/wp\/v2\/product_cat?post=2310"},{"taxonomy":"product_tag","embeddable":true,"href":"https:\/\/printella.pl\/de\/wp-json\/wp\/v2\/product_tag?post=2310"},{"taxonomy":"zastosowanie","embeddable":true,"href":"https:\/\/printella.pl\/de\/wp-json\/wp\/v2\/zastosowanie?post=2310"}],"curies":[{"name":"wp","href":"https:\/\/api.w.org\/{rel}","templated":true}]}}