{"id":2302,"date":"2022-01-03T16:04:04","date_gmt":"2022-01-03T16:04:04","guid":{"rendered":"https:\/\/d3v.printella.pl\/produkt\/single-jersey-220-g-m2-premium\/"},"modified":"2025-09-12T13:25:25","modified_gmt":"2025-09-12T13:25:25","slug":"strickstoff-single-jersey-220g-m2","status":"publish","type":"product","link":"https:\/\/printella.pl\/de\/produkt\/strickstoff-single-jersey-220g-m2\/","title":{"rendered":"Strickstoff Single-Jersey 220g\/m2 PREMIUM"},"content":{"rendered":"<p><span data-sheets-value=\"{\"1\":2,\"2\":\"Mi\u0142a w dotyku dzianina bawe\u0142niana z dodatkiem elastanu. Dzi\u0119ki domieszcze, ten single jersey jest rozci\u0105gliwy i zadrukowany nadaje si\u0119 idealnie na leginsy, sukienki, ubrania dzieci\u0119ce oraz ubrania sportowe.\"}\" data-sheets-userformat=\"{\"2\":897,\"3\":{\"1\":0},\"10\":1,\"11\":4,\"12\":0}\" data-sheets-note=\"Ca\u0142y akapit\">Baumwollstrickstoff mit einer Beimischung von Elasthan, der sich angenehm anf\u00fchlt. Dank der Beimischung ist dieser Single-Jersey dehnbar und bedruckt, wodurch er sich ideal f\u00fcr Leggings, Kleider, Kinderkleidung und Sportbekleidung eignet.<br \/>\n<\/span><\/p>\n","protected":false},"excerpt":{"rendered":"<p>Baumwollstrickstoff mit einer Beimischung von Elasthan, der sich angenehm anf\u00fchlt. Dank der Beimischung ist dieser Single-Jersey dehnbar und bedruckt, wodurch er sich ideal f\u00fcr Leggings, Kleider, Kinderkleidung und Sportbekleidung eignet.<\/p>\n","protected":false},"featured_media":7640,"template":"","meta":[],"product_brand":[],"product_cat":[100],"product_tag":[],"zastosowanie":[277,293,276,275,305,272,282],"class_list":{"0":"post-2302","1":"product","2":"type-product","3":"status-publish","4":"has-post-thumbnail","6":"product_cat-bedrucken-von-strickwaren","7":"zastosowanie-kinderkleidung","8":"zastosowanie-kleider-2","9":"zastosowanie-nachtwasche","10":"zastosowanie-pyjamas","11":"zastosowanie-sommerkleidung-de","12":"zastosowanie-t-shirts-und-blusen","13":"zastosowanie-unterwasche","15":"first","16":"instock","17":"taxable","18":"shipping-taxable","19":"purchasable","20":"product-type-simple"},"_links":{"self":[{"href":"https:\/\/printella.pl\/de\/wp-json\/wp\/v2\/product\/2302","targetHints":{"allow":["GET"]}}],"collection":[{"href":"https:\/\/printella.pl\/de\/wp-json\/wp\/v2\/product"}],"about":[{"href":"https:\/\/printella.pl\/de\/wp-json\/wp\/v2\/types\/product"}],"version-history":[{"count":1,"href":"https:\/\/printella.pl\/de\/wp-json\/wp\/v2\/product\/2302\/revisions"}],"predecessor-version":[{"id":9170,"href":"https:\/\/printella.pl\/de\/wp-json\/wp\/v2\/product\/2302\/revisions\/9170"}],"wp:featuredmedia":[{"embeddable":true,"href":"https:\/\/printella.pl\/de\/wp-json\/wp\/v2\/media\/7640"}],"wp:attachment":[{"href":"https:\/\/printella.pl\/de\/wp-json\/wp\/v2\/media?parent=2302"}],"wp:term":[{"taxonomy":"product_brand","embeddable":true,"href":"https:\/\/printella.pl\/de\/wp-json\/wp\/v2\/product_brand?post=2302"},{"taxonomy":"product_cat","embeddable":true,"href":"https:\/\/printella.pl\/de\/wp-json\/wp\/v2\/product_cat?post=2302"},{"taxonomy":"product_tag","embeddable":true,"href":"https:\/\/printella.pl\/de\/wp-json\/wp\/v2\/product_tag?post=2302"},{"taxonomy":"zastosowanie","embeddable":true,"href":"https:\/\/printella.pl\/de\/wp-json\/wp\/v2\/zastosowanie?post=2302"}],"curies":[{"name":"wp","href":"https:\/\/api.w.org\/{rel}","templated":true}]}}