{"id":2295,"date":"2022-01-12T16:05:37","date_gmt":"2022-01-12T16:05:37","guid":{"rendered":"https:\/\/d3v.printella.pl\/produkt\/sweatshirt-aus-franzoesischem-frottee-250-g-m2-premium\/"},"modified":"2025-09-12T13:05:44","modified_gmt":"2025-09-12T13:05:44","slug":"sweatstoff-french-terry-250g-m2-premium","status":"publish","type":"product","link":"https:\/\/printella.pl\/de\/produkt\/sweatstoff-french-terry-250g-m2-premium\/","title":{"rendered":"Sweatstoff French Terry 250 g\/m2 PREMIUM"},"content":{"rendered":"<p><span data-sheets-value=\"{\"1\":2,\"2\":\"French terry to dzianina na wierzchu g\u0142adka, od spodu wyko\u0144czona p\u0119telk\u0105. Mi\u0119kka w dotyku oraz - dzi\u0119ki domieszce elastanu - bardzo elastyczna. Dres\u00f3wka p\u0119telka z nadrukiem nadaje sie na bluzy, koszulki, ubranka dzieci\u0119ce, szaliki, czapki, sukienki, sp\u00f3dniczki oraz na koce.\"}\" data-sheets-userformat=\"{\"2\":897,\"3\":{\"1\":0},\"10\":1,\"11\":4,\"12\":0}\">French Terry ist oben glatt gestrickt und unten mit Schlaufen versehen. Weich im Griff und &#8211; dank der Elasthan-Beimischung &#8211; sehr dehnbar. Das bedruckte Loop-Sweatshirt eignet sich f\u00fcr Sweatshirts, Kinderkleidung, Schals, M\u00fctzen, Kleider, R\u00f6cke und Decken.<br \/>\n<\/span><\/p>\n","protected":false},"excerpt":{"rendered":"<p>French Terry ist oben glatt gestrickt und unten mit Schlaufen versehen. Weich im Griff und &#8211; dank der Elasthan-Beimischung &#8211; sehr dehnbar. Das bedruckte Loop-Sweatshirt eignet sich f\u00fcr Sweatshirts, Kinderkleidung, Schals, M\u00fctzen, Kleider, R\u00f6cke und Decken.<\/p>\n","protected":false},"featured_media":7613,"template":"","meta":[],"product_brand":[],"product_cat":[100],"product_tag":[342],"zastosowanie":[288,290,277,293,275,294],"class_list":{"0":"post-2295","1":"product","2":"type-product","3":"status-publish","4":"has-post-thumbnail","6":"product_cat-bedrucken-von-strickwaren","7":"product_tag-strickstoffe","8":"zastosowanie-jogginghose","9":"zastosowanie-kappen-de","10":"zastosowanie-kinderkleidung","11":"zastosowanie-kleider-2","12":"zastosowanie-pyjamas","13":"zastosowanie-sweatshirts-de","15":"first","16":"instock","17":"taxable","18":"shipping-taxable","19":"purchasable","20":"product-type-simple"},"_links":{"self":[{"href":"https:\/\/printella.pl\/de\/wp-json\/wp\/v2\/product\/2295","targetHints":{"allow":["GET"]}}],"collection":[{"href":"https:\/\/printella.pl\/de\/wp-json\/wp\/v2\/product"}],"about":[{"href":"https:\/\/printella.pl\/de\/wp-json\/wp\/v2\/types\/product"}],"version-history":[{"count":1,"href":"https:\/\/printella.pl\/de\/wp-json\/wp\/v2\/product\/2295\/revisions"}],"predecessor-version":[{"id":9150,"href":"https:\/\/printella.pl\/de\/wp-json\/wp\/v2\/product\/2295\/revisions\/9150"}],"wp:featuredmedia":[{"embeddable":true,"href":"https:\/\/printella.pl\/de\/wp-json\/wp\/v2\/media\/7613"}],"wp:attachment":[{"href":"https:\/\/printella.pl\/de\/wp-json\/wp\/v2\/media?parent=2295"}],"wp:term":[{"taxonomy":"product_brand","embeddable":true,"href":"https:\/\/printella.pl\/de\/wp-json\/wp\/v2\/product_brand?post=2295"},{"taxonomy":"product_cat","embeddable":true,"href":"https:\/\/printella.pl\/de\/wp-json\/wp\/v2\/product_cat?post=2295"},{"taxonomy":"product_tag","embeddable":true,"href":"https:\/\/printella.pl\/de\/wp-json\/wp\/v2\/product_tag?post=2295"},{"taxonomy":"zastosowanie","embeddable":true,"href":"https:\/\/printella.pl\/de\/wp-json\/wp\/v2\/zastosowanie?post=2295"}],"curies":[{"name":"wp","href":"https:\/\/api.w.org\/{rel}","templated":true}]}}