{"id":2291,"date":"2021-08-12T16:08:14","date_gmt":"2022-01-18T10:20:17","guid":{"rendered":"https:\/\/d3v.printella.pl\/produkt\/new-yorker-oeko-leder\/"},"modified":"2025-03-02T11:17:27","modified_gmt":"2025-03-02T11:17:27","slug":"kunstleder-new-york","status":"publish","type":"product","link":"https:\/\/printella.pl\/de\/produkt\/kunstleder-new-york\/","title":{"rendered":"Kunstleder New York"},"content":{"rendered":"<p><span data-sheets-value=\"{\"1\":2,\"2\":\"Eko sk\u00f3ra New York swoj\u0105 struktur\u0105 przypomina naturaln\u0105 sk\u00f3r\u0119. Drukowana ekosk\u00f3ra to popularny materia\u0142 na torebki lub artyku\u0142y dekoracyjne. Doskona\u0142e oddawanie barw umo\u017cliwia szeroki zakres zastosowa\u0144.\"}\" data-sheets-userformat=\"{\"2\":897,\"3\":{\"1\":0},\"10\":1,\"11\":4,\"12\":0}\">Mit seiner Textur, die an nat\u00fcrliches Leder erinnert, ist das bedruckte New York Kunstleder ideal f\u00fcr Handtaschen oder Dekorationsartikel. Eine hervorragende Farbwiedergabe erm\u00f6glicht ein breites Anwendungsspektrum.<br \/>\n<\/span><\/p>\n","protected":false},"excerpt":{"rendered":"<p>Mit seiner Textur, die an nat\u00fcrliches Leder erinnert, ist das bedruckte New York Kunstleder ideal f\u00fcr Handtaschen oder Dekorationsartikel. Eine hervorragende Farbwiedergabe erm\u00f6glicht ein breites Anwendungsspektrum.<\/p>\n","protected":false},"featured_media":7625,"template":"","meta":[],"product_brand":[],"product_cat":[106],"product_tag":[],"zastosowanie":[297,301,310,295,307,279],"class_list":{"0":"post-2291","1":"product","2":"type-product","3":"status-publish","4":"has-post-thumbnail","6":"product_cat-druck-auf-kunstleder","7":"zastosowanie-geldborsen","8":"zastosowanie-handtaschen-de","9":"zastosowanie-inneneinrichtung-de","10":"zastosowanie-kosmetika","11":"zastosowanie-polsterung-von-mobeln-de","12":"zastosowanie-rucksacke","14":"first","15":"instock","16":"taxable","17":"shipping-taxable","18":"purchasable","19":"product-type-simple"},"_links":{"self":[{"href":"https:\/\/printella.pl\/de\/wp-json\/wp\/v2\/product\/2291","targetHints":{"allow":["GET"]}}],"collection":[{"href":"https:\/\/printella.pl\/de\/wp-json\/wp\/v2\/product"}],"about":[{"href":"https:\/\/printella.pl\/de\/wp-json\/wp\/v2\/types\/product"}],"version-history":[{"count":0,"href":"https:\/\/printella.pl\/de\/wp-json\/wp\/v2\/product\/2291\/revisions"}],"wp:featuredmedia":[{"embeddable":true,"href":"https:\/\/printella.pl\/de\/wp-json\/wp\/v2\/media\/7625"}],"wp:attachment":[{"href":"https:\/\/printella.pl\/de\/wp-json\/wp\/v2\/media?parent=2291"}],"wp:term":[{"taxonomy":"product_brand","embeddable":true,"href":"https:\/\/printella.pl\/de\/wp-json\/wp\/v2\/product_brand?post=2291"},{"taxonomy":"product_cat","embeddable":true,"href":"https:\/\/printella.pl\/de\/wp-json\/wp\/v2\/product_cat?post=2291"},{"taxonomy":"product_tag","embeddable":true,"href":"https:\/\/printella.pl\/de\/wp-json\/wp\/v2\/product_tag?post=2291"},{"taxonomy":"zastosowanie","embeddable":true,"href":"https:\/\/printella.pl\/de\/wp-json\/wp\/v2\/zastosowanie?post=2291"}],"curies":[{"name":"wp","href":"https:\/\/api.w.org\/{rel}","templated":true}]}}