{"id":2183,"date":"2022-01-04T15:10:52","date_gmt":"2022-01-18T10:05:11","guid":{"rendered":"https:\/\/d3v.printella.pl\/produkt\/french-terry-loop-sweatshirt-300-g-m2-premium\/"},"modified":"2025-03-02T11:12:48","modified_gmt":"2025-03-02T11:12:48","slug":"sweatsstoff-french-terry-300-g-m2-premium","status":"publish","type":"product","link":"https:\/\/printella.pl\/de\/produkt\/sweatsstoff-french-terry-300-g-m2-premium\/","title":{"rendered":"French Terry Sweatstoff 300g\/m2 PREMIUM"},"content":{"rendered":"<p>          <span data-sheets-value=\"{\"1\":2,\"2\":\"French terry to dzianina na wierzchu g\u0142adka, od spodu wyko\u0144czona p\u0119telk\u0105. Mi\u0119kka w dotyku oraz - dzi\u0119ki domieszce elastanu - bardzo elastyczna. Dres\u00f3wka p\u0119telka z nadrukiem nadaje sie na bluzy, koszulki, ubranka dzieci\u0119ce, szaliki, czapki, sukienki, sp\u00f3dniczki oraz na koce.\"}\" data-sheets-userformat=\"{\"2\":897,\"3\":{\"1\":0},\"10\":1,\"11\":4,\"12\":0}\">French Terry ist der dickste Strickstoff in unserem Sortiment, er f\u00fchlt sich weich an und ist &#8211; dank der Zugabe von Elastan &#8211; sehr geschmeidig. Der bedruckte Schlingenstrick in diesem Gewicht eignet sich f\u00fcr Blusen, w\u00e4rmere Kinderkleidung, Schals, M\u00fctzen, Kleider, R\u00f6cke und Decken.<br \/>\n<\/span><\/p>\n","protected":false},"excerpt":{"rendered":"<p>French Terry ist der dickste Strickstoff in unserem Sortiment, er f\u00fchlt sich weich an und ist &#8211; dank der Zugabe von Elastan &#8211; sehr geschmeidig. Der bedruckte Schlingenstrick in diesem Gewicht eignet sich f\u00fcr Blusen, w\u00e4rmere Kinderkleidung, Schals, M\u00fctzen, Kleider, R\u00f6cke und Decken.<\/p>\n","protected":false},"featured_media":7614,"template":"","meta":[],"product_brand":[],"product_cat":[100],"product_tag":[342],"zastosowanie":[288,290,277,293,294],"class_list":{"0":"post-2183","1":"product","2":"type-product","3":"status-publish","4":"has-post-thumbnail","6":"product_cat-bedrucken-von-strickwaren","7":"product_tag-strickstoffe","8":"zastosowanie-jogginghose","9":"zastosowanie-kappen-de","10":"zastosowanie-kinderkleidung","11":"zastosowanie-kleider-2","12":"zastosowanie-sweatshirts-de","14":"first","15":"instock","16":"taxable","17":"shipping-taxable","18":"purchasable","19":"product-type-simple"},"_links":{"self":[{"href":"https:\/\/printella.pl\/de\/wp-json\/wp\/v2\/product\/2183","targetHints":{"allow":["GET"]}}],"collection":[{"href":"https:\/\/printella.pl\/de\/wp-json\/wp\/v2\/product"}],"about":[{"href":"https:\/\/printella.pl\/de\/wp-json\/wp\/v2\/types\/product"}],"version-history":[{"count":0,"href":"https:\/\/printella.pl\/de\/wp-json\/wp\/v2\/product\/2183\/revisions"}],"wp:featuredmedia":[{"embeddable":true,"href":"https:\/\/printella.pl\/de\/wp-json\/wp\/v2\/media\/7614"}],"wp:attachment":[{"href":"https:\/\/printella.pl\/de\/wp-json\/wp\/v2\/media?parent=2183"}],"wp:term":[{"taxonomy":"product_brand","embeddable":true,"href":"https:\/\/printella.pl\/de\/wp-json\/wp\/v2\/product_brand?post=2183"},{"taxonomy":"product_cat","embeddable":true,"href":"https:\/\/printella.pl\/de\/wp-json\/wp\/v2\/product_cat?post=2183"},{"taxonomy":"product_tag","embeddable":true,"href":"https:\/\/printella.pl\/de\/wp-json\/wp\/v2\/product_tag?post=2183"},{"taxonomy":"zastosowanie","embeddable":true,"href":"https:\/\/printella.pl\/de\/wp-json\/wp\/v2\/zastosowanie?post=2183"}],"curies":[{"name":"wp","href":"https:\/\/api.w.org\/{rel}","templated":true}]}}