{"id":2175,"date":"2022-01-18T10:05:06","date_gmt":"2022-01-18T10:05:06","guid":{"rendered":"https:\/\/d3v.printella.pl\/satzung\/"},"modified":"2024-07-11T11:29:34","modified_gmt":"2024-07-11T11:29:34","slug":"satzung","status":"publish","type":"page","link":"https:\/\/printella.pl\/de\/satzung\/","title":{"rendered":"Satzung"},"content":{"rendered":"\t\t<div data-elementor-type=\"wp-page\" data-elementor-id=\"2175\" class=\"elementor elementor-2175 elementor-1602\" data-elementor-post-type=\"page\">\n\t\t\t\t\t\t<section class=\"elementor-section elementor-top-section elementor-element elementor-element-bfae8c5 elementor-section-height-min-height elementor-section-boxed elementor-section-height-default elementor-section-items-middle\" data-id=\"bfae8c5\" data-element_type=\"section\" data-e-type=\"section\" data-settings=\"{&quot;background_background&quot;:&quot;classic&quot;}\">\n\t\t\t\t\t\t<div class=\"elementor-container elementor-column-gap-default\">\n\t\t\t\t\t<div class=\"elementor-column elementor-col-100 elementor-top-column elementor-element elementor-element-ccbcaea\" data-id=\"ccbcaea\" data-element_type=\"column\" data-e-type=\"column\">\n\t\t\t<div class=\"elementor-widget-wrap elementor-element-populated\">\n\t\t\t\t\t\t<div class=\"elementor-element elementor-element-5894a7c elementor-widget elementor-widget-heading\" data-id=\"5894a7c\" data-element_type=\"widget\" data-e-type=\"widget\" data-widget_type=\"heading.default\">\n\t\t\t\t<div class=\"elementor-widget-container\">\n\t\t\t\t\t<h1 class=\"elementor-heading-title elementor-size-default\">Satzung<\/h1>\t\t\t\t<\/div>\n\t\t\t\t<\/div>\n\t\t\t\t\t<\/div>\n\t\t<\/div>\n\t\t\t\t\t<\/div>\n\t\t<\/section>\n\t\t\t\t<section class=\"elementor-section elementor-top-section elementor-element elementor-element-5ce20234 elementor-section-boxed elementor-section-height-default elementor-section-height-default\" data-id=\"5ce20234\" data-element_type=\"section\" data-e-type=\"section\">\n\t\t\t\t\t\t<div class=\"elementor-container elementor-column-gap-default\">\n\t\t\t\t\t<div class=\"elementor-column elementor-col-100 elementor-top-column elementor-element elementor-element-7fe17436\" data-id=\"7fe17436\" data-element_type=\"column\" data-e-type=\"column\">\n\t\t\t<div class=\"elementor-widget-wrap elementor-element-populated\">\n\t\t\t\t\t\t<div class=\"elementor-element elementor-element-53c358c7 elementor-widget elementor-widget-text-editor\" data-id=\"53c358c7\" data-element_type=\"widget\" data-e-type=\"widget\" data-widget_type=\"text-editor.default\">\n\t\t\t\t<div class=\"elementor-widget-container\">\n\t\t\t\t\t\t\t\t\t<article>\n<h5>I. Allgemeine Konzepte<\/h5>\n<ul>\n<li><strong>Vorschriften<\/strong> &#8211; diese Vorschriften<\/li>\n<li><strong>Webseite<\/strong> &#8211; die Webseite &#8222;printella.pl&#8220;, die unter https:\/\/www.printella.pl betrieben wird<\/li>\n<li><strong>Dienstleister<\/strong> \u2013 das Unternehmen \u201ePrintella sp. Z oo\u201c mit Sitz: Batorego 18, 77-300 Cz\u0142uch\u00f3w, NIP: 8431625364, REGON: 520763824, KRS: 0000941953. <br><\/li>\n<li><strong>Dienstleistungsempf\u00e4nger<\/strong> \u2013 jede nat\u00fcrliche Person, die auf die Website zugreift und die vom Dienstanbieter \u00fcber die Website bereitgestellten Dienste nutzt.<\/li>\n<li><strong>Elektronische<\/strong> Kommunikation &#8211; Kommunikation zwischen den Parteien \u00fcber elektronische Post (E-Mail) und Kontaktformulare, die auf der Website verf\u00fcgbar sind.<\/li>\n<\/ul>\n<h5>II. Allgemeine Bestimmungen<\/h5>\n<ul>\n<li>Die Bestimmungen definieren die Grunds\u00e4tze des Betriebs und der Nutzung der Website und definieren den Umfang der Rechte und Pflichten der Dienstleistungsempf\u00e4nger und des Dienstleisters im Zusammenhang mit der Nutzung der Website.<\/li>\n<li>Gegenstand der Dienstleistungen des Dienstleisters ist die Bereitstellung kostenloser Tools in Form der Website, die es den Kunden erm\u00f6glichen, auf Inhalte in Form von Eintr\u00e4gen, Artikeln und audiovisuellen Materialien oder Internetanwendungen und elektronischen Formularen zuzugreifen.<\/li>\n<li>Alle m\u00f6glichen Inhalte, Artikel und Informationen, die auf der Website ver\u00f6ffentlichte Tipps oder Ratschl\u00e4ge enthalten, stellen nur eine allgemeine Sammlung von Informationen dar und richten sich nicht an einzelne Kunden. Der Dienstleister ist nicht verantwortlich f\u00fcr deren Nutzung durch die Kunden.<\/li>\n<li>Der Dienstleistungsempf\u00e4nger \u00fcbernimmt die volle Verantwortung f\u00fcr die Art und Weise der Nutzung der auf der Website bereitgestellten Materialien, einschlie\u00dflich ihrer Nutzung in \u00dcbereinstimmung mit geltendem Recht.<\/li>\n<li>Der Dienstanbieter gibt keine Garantie f\u00fcr die Eignung der auf der Website ver\u00f6ffentlichten Materialien.<\/li>\n<li>Der Dienstanbieter haftet nicht f\u00fcr Sch\u00e4den, die den Dienstbenutzern oder Dritten im Zusammenhang mit der Nutzung des Dienstes entstehen. Jegliches Risiko im Zusammenhang mit der Nutzung der Website und insbesondere der Nutzung und Ausnutzung der auf der Website ver\u00f6ffentlichten Informationen tr\u00e4gt der Dienstnutzer, der die Dienste der Website nutzt.<\/li>\n<\/ul>\n<h5>III. Nutzungsbedingungen der Website<\/h5>\n<ul>\n<li>Die Nutzung der Website durch jeden Kunden ist kostenlos und freiwillig.<\/li>\n<li>Die Empf\u00e4nger sind verpflichtet, die Bestimmungen und andere Dokumente zu lesen, die ihren integralen Bestandteil bilden, und m\u00fcssen ihre Bestimmungen vollst\u00e4ndig akzeptieren, um die Website weiterhin nutzen zu k\u00f6nnen.<\/li>\n<li>Die Empf\u00e4nger d\u00fcrfen die auf der Website erhaltenen personenbezogenen Daten nicht f\u00fcr Marketingzwecke verwenden.<\/li>\n<li>Technische Voraussetzungen f\u00fcr die Nutzung der Website:\n<ul>\n<li>ein Ger\u00e4t mit einem Display, mit dem Sie Websites anzeigen k\u00f6nnen,<\/li>\n<li>Internetverbindung,<\/li>\n<li>jeder Webbrowser, der Websites gem\u00e4\u00df den Standards und Bestimmungen des W3C-Konsortiums anzeigt und Websites unterst\u00fctzt, die in HTML5 bereitgestellt werden,<\/li>\n<li>JavaScript-Unterst\u00fctzung aktiviert,<\/li>\n<li>Cookie-Unterst\u00fctzung aktiviert<\/li>\n<\/ul>\n<\/li>\n<li>Um die Sicherheit des Dienstanbieters, des Dienstempf\u00e4ngers und anderer Dienstbenutzer, die die Website nutzen, zu gew\u00e4hrleisten, sollten alle Dienstbenutzer, die die Website nutzen, die allgemein anerkannten <a href=\"https:\/\/nety.pl\/cyberbezpieczenstwo\/zasady-ogolne-korzystania-z-sieci-internet\/\">Online-Sicherheitsregeln<\/a> einhalten.<\/li>\n<li>Es ist verboten, Aktivit\u00e4ten auszuf\u00fchren, die vom Kunden pers\u00f6nlich oder unter Verwendung der Software durchgef\u00fchrt werden:\n<ul>\n<li>ohne schriftliche Zustimmung, Dekompilierung und Quellcodeanalyse,<\/li>\n<li>ohne schriftliche Zustimmung, wodurch eine \u00fcberm\u00e4\u00dfige Belastung des Website-Servers verursacht wird,<\/li>\n<li>ohne schriftliche Zustimmung, Versuche, Sicherheitsl\u00fccken in der Website und Serverkonfiguration zu entdecken,<\/li>\n<li>Versuch, Code, Skripte und Software auf den Server und die Datenbank hoch- oder herunterzuladen, die der Software der Website, anderen Servicebenutzern oder dem Serviceanbieter schaden k\u00f6nnten,<\/li>\n<li>Versuchen, Code, Skripte und Software auf den Server und die Datenbank hochzuladen oder einzuf\u00fcgen, die Daten der Kunden oder des Dienstanbieters verfolgen oder stehlen k\u00f6nnen,<\/li>\n<li>Ma\u00dfnahmen zu ergreifen, die darauf abzielen, den Betrieb der Website zu besch\u00e4digen, zu blockieren oder die Erreichung des Zwecks, f\u00fcr den die Website betrieben wird, zu verhindern.<\/li>\n<\/ul>\n<\/li>\n<li>Im Falle der Feststellung des Auftretens oder der potenziellen M\u00f6glichkeit eines Cybersicherheitsvorfalls oder eines Versto\u00dfes gegen die DSGVO sollten die Serviceempf\u00e4nger diese Tatsache zuerst dem Serviceanbieter melden, um das Problem \/ die Bedrohung schnell zu beseitigen und die Interessen aller Servicenutzer zu sch\u00fctzen.<\/li>\n<\/ul>\n<h5>IV. Bedingungen f\u00fcr die Kommunikation und die Bereitstellung anderer Dienste auf der Website<\/h5>\n<ul>\n<li>Die Website stellt Dienste und Tools bereit, die es den Dienstbenutzern erm\u00f6glichen, mit der Website zu interagieren, in Form von:\n<ul>\n<li>Kontakt Formular<\/li>\n<\/ul>\n<\/li>\n<li>Die Website bietet Kontaktdaten in Form von:\n<ul>\n<li>E-Mail-Addresse<\/li>\n<li>Kontakt Telefonnummer<\/li>\n<\/ul>\n<\/li>\n<li>F\u00fcr den Fall, dass der Dienstleistungsempf\u00e4nger den Dienstleister kontaktiert, werden die personenbezogenen Daten des Dienstleistungsempf\u00e4ngers gem\u00e4\u00df der \u201e <a href=\"https:\/\/d3v.printella.pl\/de\/datenschutz-bestimmungen\/\">Datenschutzrichtlinie<\/a> \u201c verarbeitet, die ein wesentlicher Bestandteil der Verordnung ist.<\/li>\n<\/ul>\n<h5>V. Erhebung von Daten \u00fcber die Kunden<\/h5>\n<p>Um die Dienste der Website ordnungsgem\u00e4\u00df bereitzustellen, die rechtlichen Interessen des Dienstanbieters zu wahren und die Einhaltung der geltenden Gesetze durch die Website zu gew\u00e4hrleisten, erhebt und verarbeitet der Dienstanbieter einige Daten \u00fcber die Benutzer \u00fcber die Website.<\/p>\n<p>F\u00fcr die ordnungsgem\u00e4\u00dfe Bereitstellung von Diensten verwendet und speichert die Website einige anonyme Informationen \u00fcber den Kunden in Cookie-Dateien.<\/p>\n<p>Der Umfang, die Zwecke, die Methode und die Grunds\u00e4tze der Datenverarbeitung finden Sie im Anhang der Verordnung \u2013 \u201e <a href=\"https:\/\/d3v.printella.pl\/de\/datenschutz-bestimmungen\/\">Datenschutzrichtlinie<\/a> \u201c, die ein wesentlicher Bestandteil der Verordnung ist.<\/p>\n<ul>\n<li><em>Automatisch erhobene Daten:<\/em><br>F\u00fcr den effizienten Betrieb der Website und f\u00fcr Statistiken erfassen wir automatisch einige Daten \u00fcber den Dienstleistungsempf\u00e4nger. Zu diesen Daten geh\u00f6ren:\n<ul>\n<li>IP Adresse<\/li>\n<li>Browsertyp<\/li>\n<li>Bildschirmaufl\u00f6sung<\/li>\n<li>Ungef\u00e4hre Lage<\/li>\n<li>Die Unterseiten der Website, die ge\u00f6ffnet werden<\/li>\n<li>Verweildauer auf der entsprechenden Unterseite der Website<\/li>\n<li>Art des Betriebssystems<\/li>\n<li>Adresse der vorherigen Unterseite<\/li>\n<li>Anschrift des Verweisenden<\/li>\n<li>Browsersprache<\/li>\n<li>Geschwindigkeit der Internetverbindung<\/li>\n<li>Internetanbieter<\/li>\n<li>Anonyme demografische Daten basierend auf Google Analytics-Daten:\n<ul>\n<li>Geschlecht<\/li>\n<li>Das Alter<\/li>\n<li>Interessen<\/li>\n<\/ul>\n<\/li>\n<li>Anonyme Daten, die f\u00fcr die Anzeigenschaltung erforderlich sind:\n<ul>\n<li>Daten im Zusammenhang mit Remarketing<\/li>\n<\/ul>\n<\/li>\n<\/ul>\n<p>Die oben genannten Daten werden \u00fcber das Google Analytics-Skript erhalten und sind anonym.<\/p>\n<\/li>\n<\/ul>\n<h5>VI. Urheberrechte \u00a9<\/h5>\n<ul>\n<li>Der Dienstanbieter ist Eigent\u00fcmer der Website und der Urheberrechte an der Website.<\/li>\n<li>Ein Teil der auf der Website ver\u00f6ffentlichten Daten ist urheberrechtlich gesch\u00fctzt und geh\u00f6rt Unternehmen, Institutionen und Dritten, die in keiner Weise mit dem Dienstleister in Verbindung stehen, und wird auf der Grundlage erworbener Lizenzen oder auf der Grundlage einer kostenlosen Lizenz verwendet.<\/li>\n<li>Gem\u00e4\u00df dem Urheberrechtsgesetz vom 4. Februar 1994 ist es verboten, Artikel, Beschreibungen, Fotos und andere Inhalte, grafische Materialien, Videos oder Audiodateien auf der Website ohne die schriftliche Zustimmung oder Zustimmung, die durch elektronische Kommunikation ihres rechtm\u00e4\u00dfigen Eigent\u00fcmers erteilt wurde.<\/li>\n<li>Gem\u00e4\u00df dem Gesetz vom 4. Februar 1994 \u00fcber das Urheberrecht sind einfache Pressemitteilungen nicht gesch\u00fctzt, die nur als Informationen ohne Kommentar und Bewertung des Autors verstanden werden. Der Autor versteht darunter die M\u00f6glichkeit, Informationen aus den auf der Website eingestellten Texten zu verwenden, die Artikel jedoch nicht ganz oder teilweise zu kopieren, es sei denn, dies ist in den einzelnen auf der Website bereitgestellten Materialien gekennzeichnet.<\/li>\n<\/ul>\n<h5>VII. \u00c4nderungen der Satzung<\/h5>\n<ul>\n<li>Alle Bestimmungen der Satzung k\u00f6nnen vom Dienstleister jederzeit ohne Angabe von Gr\u00fcnden einseitig ge\u00e4ndert werden.<\/li>\n<li>\u00c4nderungen der Satzung treten unmittelbar nach ihrer Ver\u00f6ffentlichung in Kraft.<\/li>\n<li>Es wird davon ausgegangen, dass jeder Dienstleistungsempf\u00e4nger, der die Website nach der \u00c4nderung der Bestimmungen weiterhin nutzt, diese vollst\u00e4ndig akzeptiert.<\/li>\n<\/ul>\n<h5>VIII. Schlussbestimmungen<\/h5>\n<ul>\n<li>Der Dienstanbieter wird alle Anstrengungen unternehmen, um sicherzustellen, dass die Dienste der Website kontinuierlich angeboten werden. Er haftet jedoch nicht f\u00fcr St\u00f6rungen, die durch h\u00f6here Gewalt oder rechtswidrige Eingriffe des Kunden, Dritter oder den Betrieb fremder Automatikprogramme verursacht werden.<\/li>\n<li>Der Dienstanbieter beh\u00e4lt sich das Recht vor, alle auf der Website ver\u00f6ffentlichten Informationen zu dem vom Dienstanbieter ausgew\u00e4hlten Datum ohne vorherige Benachrichtigung der Kunden, die die Dienste der Website nutzen, zu \u00e4ndern.<\/li>\n<li>Der Dienstanbieter beh\u00e4lt sich das Recht vor, die Website ohne vorherige Ank\u00fcndigung an die Kunden vor\u00fcbergehend, vollst\u00e4ndig oder teilweise zu deaktivieren, um sie zu verbessern, Dienste hinzuzuf\u00fcgen oder Wartungsarbeiten durchzuf\u00fchren.<\/li>\n<li>Der Dienstanbieter beh\u00e4lt sich das Recht vor, die Website ohne vorherige Benachrichtigung der Kunden dauerhaft zu deaktivieren.<\/li>\n<li>Der Dienstleister beh\u00e4lt sich das Recht vor, alle oder einen Teil seiner Rechte und Pflichten im Zusammenhang mit der Website ohne die Zustimmung und die M\u00f6glichkeit, Einw\u00e4nde der Leistungsempf\u00e4nger zu \u00e4u\u00dfern, abzutreten.<\/li>\n<li>Die aktuellen und fr\u00fcheren Bestimmungen der Website finden Sie auf dieser Unterseite unter den aktuellen Bestimmungen.<\/li>\n<li>Wenden Sie sich in allen Angelegenheiten im Zusammenhang mit dem Betrieb der Website bitte \u00fcber eine der folgenden Kontaktm\u00f6glichkeiten an den Dienstanbieter:\n<ul>\n<li>Durch Nutzung des auf der Website verf\u00fcgbaren Kontaktformulars<\/li>\n<li>Durch Senden einer Nachricht an die E-Mail-Adresse: info@printella.pl<\/li>\n<li>Per Anruf: +48 577 700 144<\/li>\n<\/ul>\n<p>Kontakt \u00fcber die angegebenen Kommunikationsmittel nur in Angelegenheiten im Zusammenhang mit der Website.<\/p>\n<\/li>\n<\/ul>\n<\/article>\t\t\t\t\t\t\t\t<\/div>\n\t\t\t\t<\/div>\n\t\t\t\t\t<\/div>\n\t\t<\/div>\n\t\t\t\t\t<\/div>\n\t\t<\/section>\n\t\t\t\t<\/div>\n\t\t","protected":false},"excerpt":{"rendered":"<p>I. Allgemeine Konzepte Vorschriften &#8211; diese Vorschriften Webseite &#8211; die Webseite &#8222;printella.pl&#8220;, die unter https:\/\/www.printella.pl betrieben wird Dienstleister \u2013 das Unternehmen \u201ePrintella sp. Z oo\u201c mit Sitz: Batorego 18, 77-300 Cz\u0142uch\u00f3w, NIP: 8431625364, REGON: 520763824, KRS: 0000941953. Dienstleistungsempf\u00e4nger \u2013 jede nat\u00fcrliche Person, die auf die Website zugreift und die vom Dienstanbieter \u00fcber die Website bereitgestellten [&hellip;]<\/p>\n","protected":false},"author":1,"featured_media":0,"parent":0,"menu_order":0,"comment_status":"closed","ping_status":"closed","template":"","meta":{"footnotes":""},"class_list":["post-2175","page","type-page","status-publish","hentry"],"_links":{"self":[{"href":"https:\/\/printella.pl\/de\/wp-json\/wp\/v2\/pages\/2175","targetHints":{"allow":["GET"]}}],"collection":[{"href":"https:\/\/printella.pl\/de\/wp-json\/wp\/v2\/pages"}],"about":[{"href":"https:\/\/printella.pl\/de\/wp-json\/wp\/v2\/types\/page"}],"author":[{"embeddable":true,"href":"https:\/\/printella.pl\/de\/wp-json\/wp\/v2\/users\/1"}],"replies":[{"embeddable":true,"href":"https:\/\/printella.pl\/de\/wp-json\/wp\/v2\/comments?post=2175"}],"version-history":[{"count":0,"href":"https:\/\/printella.pl\/de\/wp-json\/wp\/v2\/pages\/2175\/revisions"}],"wp:attachment":[{"href":"https:\/\/printella.pl\/de\/wp-json\/wp\/v2\/media?parent=2175"}],"curies":[{"name":"wp","href":"https:\/\/api.w.org\/{rel}","templated":true}]}}